{"id":280,"date":"2026-03-04T20:01:13","date_gmt":"2026-03-04T19:01:13","guid":{"rendered":"https:\/\/studiomapa.pl\/?page_id=280"},"modified":"2026-03-06T18:41:15","modified_gmt":"2026-03-06T17:41:15","slug":"strona-glowna","status":"publish","type":"page","link":"https:\/\/studiomapa.pl\/","title":{"rendered":"Strona g\u0142\u00f3wna"},"content":{"rendered":"\n<div class=\"wp-block-cover alignfull is-light\" style=\"margin-top:var(--wp--preset--spacing--10);margin-bottom:var(--wp--preset--spacing--10);padding-top:var(--wp--preset--spacing--10);padding-right:var(--wp--preset--spacing--10);padding-bottom:var(--wp--preset--spacing--10);padding-left:var(--wp--preset--spacing--10);min-height:456px;aspect-ratio:unset;\"><img loading=\"lazy\" decoding=\"async\" width=\"1024\" height=\"724\" class=\"wp-block-cover__image-background wp-image-232 size-large\" alt=\"T\u0142o strony StudioMAPA.pl\" src=\"https:\/\/studiomapa.pl\/wp-content\/uploads\/2026\/02\/Tlo-strony-internetowej-HD-1024x724.png\" style=\"object-position:20% 20%\" data-object-fit=\"cover\" data-object-position=\"20% 20%\" srcset=\"https:\/\/studiomapa.pl\/wp-content\/uploads\/2026\/02\/Tlo-strony-internetowej-HD-1024x724.png 1024w, https:\/\/studiomapa.pl\/wp-content\/uploads\/2026\/02\/Tlo-strony-internetowej-HD-300x212.png 300w, https:\/\/studiomapa.pl\/wp-content\/uploads\/2026\/02\/Tlo-strony-internetowej-HD-768x543.png 768w, https:\/\/studiomapa.pl\/wp-content\/uploads\/2026\/02\/Tlo-strony-internetowej-HD-1536x1086.png 1536w, https:\/\/studiomapa.pl\/wp-content\/uploads\/2026\/02\/Tlo-strony-internetowej-HD-2048x1448.png 2048w, https:\/\/studiomapa.pl\/wp-content\/uploads\/2026\/02\/Tlo-strony-internetowej-HD-1170x827.png 1170w\" sizes=\"auto, (max-width: 1024px) 100vw, 1024px\" \/><span aria-hidden=\"true\" class=\"wp-block-cover__background has-background-dim-0 has-background-dim\" style=\"background-color:#f5f9fb\"><\/span><div class=\"wp-block-cover__inner-container has-global-padding is-layout-constrained wp-container-core-cover-is-layout-5f87bc2a wp-block-cover-is-layout-constrained\">\n<p class=\"has-text-align-center has-large-font-size\"><strong>Studio urbanistyczne MAPA<\/strong> rozpoczyna dzia\u0142alno\u015b\u0107<br>w obszarze planowania i analiz przestrzennych.<br>Aktualnie przygotowujemy pe\u0142n\u0105 ofert\u0119 us\u0142ug.<\/p>\n\n\n\n<p class=\"has-text-align-center has-large-font-size\"><strong>Zapraszamy wkr\u00f3tce!<\/strong><\/p>\n<\/div><\/div>\n\n\n\n<div class=\"wp-block-group alignfull has-global-padding is-layout-constrained wp-block-group-is-layout-constrained\">\n<div class=\"wp-block-columns alignfull is-layout-flex wp-container-core-columns-is-layout-28f84493 wp-block-columns-is-layout-flex\">\n<div class=\"wp-block-column has-base-2-background-color has-background is-layout-flow wp-container-core-column-is-layout-c3730a14 wp-block-column-is-layout-flow\" style=\"padding-top:var(--wp--preset--spacing--20);padding-right:var(--wp--preset--spacing--20);padding-bottom:var(--wp--preset--spacing--20);padding-left:var(--wp--preset--spacing--20)\">\n<p class=\"has-text-align-center\" style=\"border-top-left-radius:0px;border-top-right-radius:0px;border-bottom-left-radius:0px;border-bottom-right-radius:0px;margin-top:var(--wp--preset--spacing--20);margin-bottom:var(--wp--preset--spacing--20)\"><strong>Plan Og\u00f3lny Gminy<\/strong><\/p>\n\n\n\n<p>Sporz\u0105dzamy plany og\u00f3lne gmin jako kluczowy dokument prowadzenia polityki przestrzennej, kt\u00f3ry porz\u0105dkuje zasady rozwoju i u\u017cytkowania przestrzeni w skali ca\u0142ej gminy. W spos\u00f3b czytelny i odpowiedzialny wyznaczamy ramy dla dalszego planowania miejscowego oraz podejmowania decyzji inwestycyjnych, uwzgl\u0119dniaj\u0105c uwarunkowania przestrzenne, \u015brodowiskowe i funkcjonalne.<\/p>\n<\/div>\n\n\n\n<div class=\"wp-block-column has-base-2-background-color has-background is-layout-flow wp-block-column-is-layout-flow\" style=\"padding-top:var(--wp--preset--spacing--20);padding-right:var(--wp--preset--spacing--20);padding-bottom:var(--wp--preset--spacing--20);padding-left:var(--wp--preset--spacing--20)\">\n<p class=\"has-text-align-center\" style=\"margin-top:var(--wp--preset--spacing--20);margin-right:0;margin-bottom:var(--wp--preset--spacing--20);margin-left:0\"><strong>Miejscowy Plan Zagospodarowania Przestrzennego<\/strong><\/p>\n\n\n\n<p>Opracowujemy miejscowe plany zagospodarowania przestrzennego, kt\u00f3re przek\u0142adaj\u0105 za\u0142o\u017cenia polityki przestrzennej gminy na jednoznaczne i mo\u017cliwe do stosowania ustalenia prawa miejscowego. Dbamy o sp\u00f3jno\u015b\u0107 zapis\u00f3w, ich precyzj\u0119 oraz praktyczn\u0105 przydatno\u015b\u0107 w procesach administracyjnych i inwestycyjnych.<\/p>\n<\/div>\n\n\n\n<div class=\"wp-block-column has-base-2-background-color has-background is-layout-flow wp-block-column-is-layout-flow\" style=\"padding-top:var(--wp--preset--spacing--20);padding-right:var(--wp--preset--spacing--20);padding-bottom:var(--wp--preset--spacing--20);padding-left:var(--wp--preset--spacing--20)\">\n<p class=\"has-text-align-center\" style=\"margin-top:var(--wp--preset--spacing--20);margin-bottom:var(--wp--preset--spacing--20)\"><strong>Wnioski do akt\u00f3w planowania przestrzennego<\/strong><\/p>\n\n\n\n<p>Przygotowujemy wnioski i uwagi do akt\u00f3w sporz\u0105dzanych na podstawie aktualnych przepis\u00f3w ustawy o planowaniu i zagospodarowaniu przestrzennym. Opracowania obejmuj\u0105 cz\u0119\u015b\u0107 formaln\u0105 oraz merytoryczne uzasadnienie urbanistyczne, uwzgl\u0119dniaj\u0105ce nowy system dokument\u00f3w planistycznych i zakres ustale\u0144 wynikaj\u0105cy z obowi\u0105zuj\u0105cych regulacji.<\/p>\n<\/div>\n<\/div>\n<\/div>\n","protected":false},"excerpt":{"rendered":"<p>Plan Og\u00f3lny Gminy Sporz\u0105dzamy plany og\u00f3lne gmin jako kluczowy dokument prowadzenia polityki przestrzennej, kt\u00f3ry porz\u0105dkuje zasady rozwoju i u\u017cytkowania przestrzeni w skali ca\u0142ej gminy. W spos\u00f3b czytelny i odpowiedzialny wyznaczamy ramy dla dalszego planowania miejscowego oraz podejmowania decyzji inwestycyjnych, uwzgl\u0119dniaj\u0105c uwarunkowania przestrzenne, \u015brodowiskowe i funkcjonalne. Miejscowy Plan Zagospodarowania Przestrzennego Opracowujemy miejscowe plany zagospodarowania przestrzennego, kt\u00f3re [&hellip;]<\/p>\n","protected":false},"author":1,"featured_media":0,"parent":0,"menu_order":0,"comment_status":"closed","ping_status":"closed","template":"","meta":{"footnotes":""},"class_list":["post-280","page","type-page","status-publish","hentry"],"_links":{"self":[{"href":"https:\/\/studiomapa.pl\/index.php\/wp-json\/wp\/v2\/pages\/280","targetHints":{"allow":["GET"]}}],"collection":[{"href":"https:\/\/studiomapa.pl\/index.php\/wp-json\/wp\/v2\/pages"}],"about":[{"href":"https:\/\/studiomapa.pl\/index.php\/wp-json\/wp\/v2\/types\/page"}],"author":[{"embeddable":true,"href":"https:\/\/studiomapa.pl\/index.php\/wp-json\/wp\/v2\/users\/1"}],"replies":[{"embeddable":true,"href":"https:\/\/studiomapa.pl\/index.php\/wp-json\/wp\/v2\/comments?post=280"}],"version-history":[{"count":12,"href":"https:\/\/studiomapa.pl\/index.php\/wp-json\/wp\/v2\/pages\/280\/revisions"}],"predecessor-version":[{"id":342,"href":"https:\/\/studiomapa.pl\/index.php\/wp-json\/wp\/v2\/pages\/280\/revisions\/342"}],"wp:attachment":[{"href":"https:\/\/studiomapa.pl\/index.php\/wp-json\/wp\/v2\/media?parent=280"}],"curies":[{"name":"wp","href":"https:\/\/api.w.org\/{rel}","templated":true}]}}