{"id":282,"date":"2026-03-04T20:04:37","date_gmt":"2026-03-04T19:04:37","guid":{"rendered":"https:\/\/studiomapa.pl\/?page_id=282"},"modified":"2026-03-10T19:34:33","modified_gmt":"2026-03-10T18:34:33","slug":"o-nas","status":"publish","type":"page","link":"https:\/\/studiomapa.pl\/index.php\/o-nas\/","title":{"rendered":"O nas"},"content":{"rendered":"\n<p class=\"has-text-align-center has-large-font-size\"><strong>Rodzinne Studio Urbanistyczne<\/strong><\/p>\n\n\n\n<div class=\"wp-block-group alignfull is-layout-flow wp-block-group-is-layout-flow\" style=\"padding-right:45px;padding-left:45px\">\n<p class=\"has-text-align-center has-medium-font-size\" style=\"border-style:none;border-width:0px;margin-top:var(--wp--preset--spacing--30);margin-right:0;margin-bottom:var(--wp--preset--spacing--30);margin-left:0\">Studio powsta\u0142o z potrzeby po\u0142\u0105czenia do\u015bwiadczenia zawodowego z naturaln\u0105 wsp\u00f3\u0142prac\u0105 w gronie rodzinnym. Stworzyli\u015bmy firm\u0119, w kt\u00f3rej spos\u00f3b dzia\u0142ania, standard pracy oraz odpowiedzialno\u015b\u0107 za efekt s\u0105 jednakowo wa\u017cne dla wszystkich os\u00f3b zaanga\u017cowanych w realizacj\u0119 projekt\u00f3w. Rodzinny charakter studia pozwala nam dzia\u0142a\u0107 sp\u00f3jnie i d\u0142ugofalowo. Decyzje podejmujemy zespo\u0142owo, a relacje oparte na zaufaniu przek\u0142adaj\u0105 si\u0119 na jako\u015b\u0107 wsp\u00f3\u0142pracy z klientami.<br>\u0141\u0105czymy kompetencje projektowe, analityczne i organizacyjne. Realizujemy opracowania planistyczne oraz dokumenty wspieraj\u0105ce jednostki samorz\u0105du terytorialnego i inwestor\u00f3w w procesach kszta\u0142towania \u0142adu przestrzennego, dzia\u0142aj\u0105c w oparciu o aktualne przepisy prawa.<\/p>\n\n\n\n<p class=\"has-text-align-center has-small-font-size\" style=\"border-style:none;border-width:0px;margin-top:var(--wp--preset--spacing--30);margin-right:0;margin-bottom:var(--wp--preset--spacing--30);margin-left:0\"><\/p>\n<\/div>\n\n\n\n<div class=\"wp-block-group alignfull has-global-padding is-layout-constrained wp-block-group-is-layout-constrained\">\n<div class=\"wp-block-columns alignfull is-layout-flex wp-container-core-columns-is-layout-954ec4bb wp-block-columns-is-layout-flex\" style=\"padding-right:var(--wp--preset--spacing--40);padding-left:var(--wp--preset--spacing--40)\">\n<div class=\"wp-block-column is-layout-flow wp-block-column-is-layout-flow\">\n<figure class=\"wp-block-image aligncenter size-large is-resized\"><img loading=\"lazy\" decoding=\"async\" width=\"683\" height=\"1024\" src=\"https:\/\/studiomapa.pl\/wp-content\/uploads\/2026\/03\/Maciek-683x1024.png\" alt=\"\" class=\"wp-image-327\" style=\"aspect-ratio:0.6670045469026036;width:231px;height:auto\" srcset=\"https:\/\/studiomapa.pl\/wp-content\/uploads\/2026\/03\/Maciek-683x1024.png 683w, https:\/\/studiomapa.pl\/wp-content\/uploads\/2026\/03\/Maciek-200x300.png 200w, https:\/\/studiomapa.pl\/wp-content\/uploads\/2026\/03\/Maciek-768x1152.png 768w, https:\/\/studiomapa.pl\/wp-content\/uploads\/2026\/03\/Maciek.png 1024w\" sizes=\"auto, (max-width: 683px) 100vw, 683px\" \/><\/figure>\n\n\n\n<p class=\"has-text-align-center has-contrast-color has-text-color has-link-color has-large-font-size wp-elements-c5d2f135afdaab5d1b3851d3345bccc4\"><strong>Maciej<\/strong><\/p>\n\n\n\n<p class=\"has-text-align-center\">Urbanista (mgr in\u017c.), w trakcie studi\u00f3w doktoranckich, projektant opracowa\u0144 planistycznych. Prowadzi projekty od etapu analiz po finalne ustalenia planistyczne, odpowiadaj\u0105c za koncepcj\u0119 przestrzenn\u0105, rozwi\u0105zania funkcjonalne oraz merytoryczn\u0105 sp\u00f3jno\u015b\u0107 dokument\u00f3w. W pracy projektowej \u0142\u0105czy do\u015bwiadczenie planistyczne z podej\u015bciem analitycznym, kszta\u0142tuj\u0105c rozwi\u0105zania przestrzenne realizowanych opracowa\u0144.<\/p>\n<\/div>\n\n\n\n<div class=\"wp-block-column is-layout-flow wp-block-column-is-layout-flow\">\n<figure class=\"wp-block-image aligncenter size-large is-resized\"><img loading=\"lazy\" decoding=\"async\" width=\"683\" height=\"1024\" src=\"https:\/\/studiomapa.pl\/wp-content\/uploads\/2026\/03\/Ola-683x1024.png\" alt=\"\" class=\"wp-image-326\" style=\"aspect-ratio:0.6670045469026036;width:229px;height:auto\" srcset=\"https:\/\/studiomapa.pl\/wp-content\/uploads\/2026\/03\/Ola-683x1024.png 683w, https:\/\/studiomapa.pl\/wp-content\/uploads\/2026\/03\/Ola-200x300.png 200w, https:\/\/studiomapa.pl\/wp-content\/uploads\/2026\/03\/Ola-768x1152.png 768w, https:\/\/studiomapa.pl\/wp-content\/uploads\/2026\/03\/Ola.png 1024w\" sizes=\"auto, (max-width: 683px) 100vw, 683px\" \/><\/figure>\n\n\n\n<p class=\"has-text-align-center has-large-font-size\"><strong>Aleksandra<\/strong><\/p>\n\n\n\n<p class=\"has-text-align-center\">Urbanistka (mgr in\u017c.), projektantka opracowa\u0144 planistycznych. Prowadzi projekty od etapu analiz po finalne ustalenia planistyczne, odpowiadaj\u0105c za koncepcj\u0119 przestrzenn\u0105, rozwi\u0105zania funkcjonalne oraz merytoryczn\u0105 sp\u00f3jno\u015b\u0107 dokument\u00f3w. W pracy projektowej \u0142\u0105czy do\u015bwiadczenie planistyczne z podej\u015bciem analitycznym, kszta\u0142tuj\u0105c rozwi\u0105zania przestrzenne realizowanych opracowa\u0144.<\/p>\n<\/div>\n\n\n\n<div class=\"wp-block-column is-layout-flow wp-block-column-is-layout-flow\">\n<div class=\"wp-block-columns is-layout-flex wp-container-core-columns-is-layout-28f84493 wp-block-columns-is-layout-flex\">\n<div class=\"wp-block-column is-layout-flow wp-block-column-is-layout-flow\" style=\"flex-basis:100%\">\n<figure class=\"wp-block-image aligncenter size-large is-resized\"><img loading=\"lazy\" decoding=\"async\" width=\"683\" height=\"1024\" src=\"https:\/\/studiomapa.pl\/wp-content\/uploads\/2026\/03\/Piotr-683x1024.png\" alt=\"\" class=\"wp-image-331\" style=\"aspect-ratio:0.6670110588145257;width:229px;height:auto\" srcset=\"https:\/\/studiomapa.pl\/wp-content\/uploads\/2026\/03\/Piotr-683x1024.png 683w, https:\/\/studiomapa.pl\/wp-content\/uploads\/2026\/03\/Piotr-200x300.png 200w, https:\/\/studiomapa.pl\/wp-content\/uploads\/2026\/03\/Piotr-768x1152.png 768w, https:\/\/studiomapa.pl\/wp-content\/uploads\/2026\/03\/Piotr.png 1024w\" sizes=\"auto, (max-width: 683px) 100vw, 683px\" \/><\/figure>\n<\/div>\n<\/div>\n\n\n\n<p class=\"has-text-align-center has-large-font-size\"><strong>Piotr<\/strong><\/p>\n\n\n\n<p class=\"has-text-align-center\">Urbanista z wykszta\u0142cenia, analityk i mened\u017cer projekt\u00f3w. Odpowiada za strategi\u0119 i rozw\u00f3j studia, zarz\u0105dzanie procesem realizacji opracowa\u0144 oraz nadz\u00f3r formalno-proceduralny. Wspiera zesp\u00f3\u0142 w zakresie analiz, organizacji pracy i koordynacji dzia\u0142a\u0144 projektowych.<\/p>\n<\/div>\n\n\n\n<div class=\"wp-block-column is-layout-flow wp-block-column-is-layout-flow\">\n<figure class=\"wp-block-image aligncenter size-large is-resized\"><img loading=\"lazy\" decoding=\"async\" width=\"683\" height=\"1024\" src=\"https:\/\/studiomapa.pl\/wp-content\/uploads\/2026\/03\/Agniesia2-683x1024.png\" alt=\"\" class=\"wp-image-335\" style=\"aspect-ratio:0.6670110588145257;width:228px;height:auto\" srcset=\"https:\/\/studiomapa.pl\/wp-content\/uploads\/2026\/03\/Agniesia2-683x1024.png 683w, https:\/\/studiomapa.pl\/wp-content\/uploads\/2026\/03\/Agniesia2-200x300.png 200w, https:\/\/studiomapa.pl\/wp-content\/uploads\/2026\/03\/Agniesia2-768x1152.png 768w, https:\/\/studiomapa.pl\/wp-content\/uploads\/2026\/03\/Agniesia2.png 1024w\" sizes=\"auto, (max-width: 683px) 100vw, 683px\" \/><\/figure>\n\n\n\n<p class=\"has-text-align-center has-large-font-size\"><strong>Agnieszka<\/strong><\/p>\n\n\n\n<p class=\"has-text-align-center\">Koordynuje proces administracyjny i organizacyjny realizowanych opracowa\u0144. Odpowiada za komunikacj\u0119 w zespole oraz sprawn\u0105 obs\u0142ug\u0119 projekt\u00f3w, dbaj\u0105c o p\u0142ynny przep\u0142yw informacji i dobr\u0105 organizacj\u0119 pracy na wszystkich etapach realizacji.<\/p>\n<\/div>\n<\/div>\n<\/div>\n","protected":false},"excerpt":{"rendered":"<p>Rodzinne Studio Urbanistyczne Studio powsta\u0142o z potrzeby po\u0142\u0105czenia do\u015bwiadczenia zawodowego z naturaln\u0105 wsp\u00f3\u0142prac\u0105 w gronie rodzinnym. Stworzyli\u015bmy firm\u0119, w kt\u00f3rej spos\u00f3b dzia\u0142ania, standard pracy oraz odpowiedzialno\u015b\u0107 za efekt s\u0105 jednakowo wa\u017cne dla wszystkich os\u00f3b zaanga\u017cowanych w realizacj\u0119 projekt\u00f3w. Rodzinny charakter studia pozwala nam dzia\u0142a\u0107 sp\u00f3jnie i d\u0142ugofalowo. Decyzje podejmujemy zespo\u0142owo, a relacje oparte na zaufaniu [&hellip;]<\/p>\n","protected":false},"author":1,"featured_media":0,"parent":0,"menu_order":0,"comment_status":"closed","ping_status":"closed","template":"","meta":{"footnotes":""},"class_list":["post-282","page","type-page","status-publish","hentry"],"_links":{"self":[{"href":"https:\/\/studiomapa.pl\/index.php\/wp-json\/wp\/v2\/pages\/282","targetHints":{"allow":["GET"]}}],"collection":[{"href":"https:\/\/studiomapa.pl\/index.php\/wp-json\/wp\/v2\/pages"}],"about":[{"href":"https:\/\/studiomapa.pl\/index.php\/wp-json\/wp\/v2\/types\/page"}],"author":[{"embeddable":true,"href":"https:\/\/studiomapa.pl\/index.php\/wp-json\/wp\/v2\/users\/1"}],"replies":[{"embeddable":true,"href":"https:\/\/studiomapa.pl\/index.php\/wp-json\/wp\/v2\/comments?post=282"}],"version-history":[{"count":19,"href":"https:\/\/studiomapa.pl\/index.php\/wp-json\/wp\/v2\/pages\/282\/revisions"}],"predecessor-version":[{"id":377,"href":"https:\/\/studiomapa.pl\/index.php\/wp-json\/wp\/v2\/pages\/282\/revisions\/377"}],"wp:attachment":[{"href":"https:\/\/studiomapa.pl\/index.php\/wp-json\/wp\/v2\/media?parent=282"}],"curies":[{"name":"wp","href":"https:\/\/api.w.org\/{rel}","templated":true}]}}